{"id":2221,"date":"2020-07-10T17:33:46","date_gmt":"2020-07-10T17:33:46","guid":{"rendered":"https:\/\/jera-cargo.com\/?page_id=2221"},"modified":"2025-07-10T11:47:33","modified_gmt":"2025-07-10T11:47:33","slug":"about","status":"publish","type":"page","link":"https:\/\/jera-cargo.com\/en\/about\/","title":{"rendered":"About"},"content":{"rendered":"<div class=\"bt_rc_container\"><section id=\"bt_section69dc9f7122005\" data-parallax=\"0.1\" data-parallax-offset=\"0\" class=\"boldSection topExtraSpaced bottomMoreSpaced btDarkSkin gutter btMiddleVertical btParallax wBackground cover\" style=\"background-image:url('https:\/\/jera-cargo.com\/wp-content\/uploads\/2020\/07\/1.jpg');\"><div class=\"port\"><div class=\"boldCell\"><div class=\"boldCellInner\"><div class=\"boldRow\" ><div class=\"rowItem col-md-12 col-ms-12  btTextLeft animate animate-fadein animate-moveleft inherit\"  ><div class=\"rowItemContent\"><header class=\"header btClear extralarge btDash bottomDash  btAccentDash btRegularTitle\" style=\"max-width: 800px;\"><div class=\"dash\"><h1><span class=\"headline\">ABOUT US<\/span><\/h1><\/div><\/header><div class=\"btClear btSeparator bottomSemiSpaced noBorder\" ><hr><\/div><\/div><\/div><\/div><\/div><\/div><\/div><\/section><section id=\"bt_section69dc9f71229c5\" data-parallax=\"0\" data-parallax-offset=\"0\" class=\"boldSection topSpaced bottomSpaced gutter inherit btParallax wBackground cover\" style=\"background-image:url('');\"><div class=\"port\"><div class=\"boldCell\"><div class=\"boldCellInner\"><div class=\"boldRow\" ><div class=\"rowItem col-sm-4 col-ms-12 btTextRight animate animate-fadein inherit btDoublePadding\"  ><div class=\"rowItemContent\"><header class=\"header btClear medium  btAccentDash btRegularTitle\" ><div class=\"dash\"><h3><span class=\"headline\">ABOUT US<\/span><\/h3><\/div><\/header><\/div><\/div><div class=\"rowItem col-md-8 col-ms-12  btTextLeft inherit\" style=\"text-align: justify;\" ><div class=\"rowItemContent\"><div class=\"btText\"><p>We are a responsible, serious and dedicated international transportation company, which is formed by a team of specialized professionals with wide experience and trajectory in the logistics area.<\/p>\n<p>Our slogan is to guarantee <b>\u201c<\/b><b><i>whatever you want, whenever you want, wherever you want<\/i><\/b><b>\u201d<\/b>, we differentiate ourselves by our personalized attention and excellent quality of service, providing advice on cost reduction through logistic and efficient processes.<\/p>\n<\/div><div class=\"btClear btSeparator bottomSemiSpaced noBorder\" ><hr><\/div><\/div><\/div><\/div><\/div><\/div><\/div><\/section><section id=\"bt_section69dc9f71232ee\"  class=\"boldSection topExtraSmallSpaced bottomSpaced gutter inherit\" ><div class=\"port\"><div class=\"boldCell\"><div class=\"boldCellInner\"><div class=\"boldRow\" ><div class=\"rowItem col-sm-4 col-ms-12 btTextLeft animate animate-fadein btTextIndent inherit btDoublePadding\" style=\"text-align: justify;\" ><div class=\"rowItemContent\"><header class=\"header btClear medium  btAccentDash btRegularTitle\" style=\"margin-bottom: 5px;\"><p class=\"btSuperTitle\">MISSION<\/p><\/header><div class=\"btText\"><p>To offer our customers an international air and sea transportation service, guaranteeing quality, safety, reliability and comfort, oriented to satisfy their needs and expectations.<\/p>\n<p>.<\/p>\n<\/div><div class=\"btClear btSeparator bottomExtraSmallSpaced noBorder\" ><hr><\/div><\/div><\/div><div class=\"rowItem col-sm-4 col-ms-12 btTextLeft\"  ><div class=\"rowItemContent\"><div class=\"bpgPhoto btTextCenter\" ><div class=\"btImage\"><img src=\"https:\/\/jera-cargo.com\/wp-content\/uploads\/2020\/07\/1.jpg\" alt=\"\"><\/div><\/div><\/div><\/div><div class=\"rowItem col-sm-4 col-ms-12 btTextLeft animate animate-fadein inherit btDoublePadding\" style=\"text-align: justify;\" ><div class=\"rowItemContent\"><header class=\"header btClear medium  btAccentDash btRegularTitle\" style=\"margin-bottom: 5px;\"><p class=\"btSuperTitle\">VISION<\/p><\/header><div class=\"btText\"><p>Ser una de las empresas l\u00edderes de transporte internacional para Am\u00e9rica Latina, donde nuestros est\u00e1ndares superen las expectativas de nuestros clientes, logrando la mayor satisfacci\u00f3n y confianza con nuestros servicios. As\u00ed como un <a style=\"color: inherit; text-decoration: none;\" href=\"https:\/\/ghostwriter-jura.com\/\">jura hausarbeit ghostwriter<\/a> garantiza calidad acad\u00e9mica (<em data-start=\"376\" data-end=\"417\">escritor fantasma de trabajos jur\u00eddicos<\/em>), nosotros garantizamos excelencia en log\u00edstica internacional.<\/p>\n<p>.<\/p>\n<\/div><div class=\"btClear btSeparator bottomExtraSmallSpaced noBorder\" ><hr><\/div><\/div><\/div><\/div><\/div><\/div><\/div><\/section><\/div>","protected":false},"excerpt":{"rendered":"","protected":false},"author":1,"featured_media":0,"parent":0,"menu_order":0,"comment_status":"closed","ping_status":"open","template":"","meta":[],"_links":{"self":[{"href":"https:\/\/jera-cargo.com\/en\/wp-json\/wp\/v2\/pages\/2221"}],"collection":[{"href":"https:\/\/jera-cargo.com\/en\/wp-json\/wp\/v2\/pages"}],"about":[{"href":"https:\/\/jera-cargo.com\/en\/wp-json\/wp\/v2\/types\/page"}],"author":[{"embeddable":true,"href":"https:\/\/jera-cargo.com\/en\/wp-json\/wp\/v2\/users\/1"}],"replies":[{"embeddable":true,"href":"https:\/\/jera-cargo.com\/en\/wp-json\/wp\/v2\/comments?post=2221"}],"version-history":[{"count":37,"href":"https:\/\/jera-cargo.com\/en\/wp-json\/wp\/v2\/pages\/2221\/revisions"}],"predecessor-version":[{"id":10236,"href":"https:\/\/jera-cargo.com\/en\/wp-json\/wp\/v2\/pages\/2221\/revisions\/10236"}],"wp:attachment":[{"href":"https:\/\/jera-cargo.com\/en\/wp-json\/wp\/v2\/media?parent=2221"}],"curies":[{"name":"wp","href":"https:\/\/api.w.org\/{rel}","templated":true}]}}